{"id":49,"date":"2019-03-22T03:44:39","date_gmt":"2019-03-22T00:44:39","guid":{"rendered":"https:\/\/import.themovation.com\/bellevue2\/hotel\/booking-confirmation\/"},"modified":"2021-05-06T23:57:43","modified_gmt":"2021-05-06T20:57:43","slug":"booking-confirmation","status":"publish","type":"page","link":"https:\/\/studios-chrissi.gr\/sr\/booking-confirmation\/","title":{"rendered":"Booking Request"},"content":{"rendered":"<div data-elementor-type=\"wp-post\" data-elementor-id=\"49\" class=\"elementor elementor-49\">\n\t\t\t\t\t\t\t\t\t<section class=\"elementor-section elementor-top-section elementor-element elementor-element-223f88db elementor-section-height-min-height elementor-section-boxed elementor-section-height-default elementor-section-items-middle\" data-id=\"223f88db\" data-element_type=\"section\" data-settings=\"{&quot;background_background&quot;:&quot;classic&quot;}\">\n\t\t\t\t\t\t\t<div class=\"elementor-background-overlay\"><\/div>\n\t\t\t\t\t\t\t<div class=\"elementor-container elementor-column-gap-default\">\n\t\t\t\t\t<div class=\"elementor-column elementor-col-100 elementor-top-column elementor-element elementor-element-3e53d21\" data-id=\"3e53d21\" data-element_type=\"column\">\n\t\t\t<div class=\"elementor-widget-wrap elementor-element-populated\">\n\t\t\t\t\t\t\t\t<div class=\"elementor-element elementor-element-729dbbe1 elementor-widget elementor-widget-spacer\" data-id=\"729dbbe1\" data-element_type=\"widget\" data-widget_type=\"spacer.default\">\n\t\t\t\t<div class=\"elementor-widget-container\">\n\t\t\t\t\t<div class=\"elementor-spacer\">\n\t\t\t<div class=\"elementor-spacer-inner\"><\/div>\n\t\t<\/div>\n\t\t\t\t<\/div>\n\t\t\t\t<\/div>\n\t\t\t\t<div class=\"elementor-element elementor-element-2c8a3d80 elementor-view-default elementor-position-top elementor-widget elementor-widget-themo-header\" data-id=\"2c8a3d80\" data-element_type=\"widget\" data-widget_type=\"themo-header.default\">\n\t\t\t\t<div class=\"elementor-widget-container\">\n\t\t\t\t\t<div class=\"th-header-wrap\">\n        <div class=\"elementor-icon-box-wrapper\">\n                            <div class=\"elementor-icon-box-content\">\n                    <h2 class=\"elementor-icon-box-title\">\n                        Booking Request                    <\/h2>\n                                        <p class=\"elementor-icon-box-description\"><\/p>\n\n                                    <\/div>\n            <\/div>\n\n        <\/div>\n\n\t\t\t\t<\/div>\n\t\t\t\t<\/div>\n\t\t\t\t\t<\/div>\n\t\t<\/div>\n\t\t\t\t\t\t\t<\/div>\n\t\t<\/section>\n\t\t\t\t<section class=\"elementor-section elementor-top-section elementor-element elementor-element-1bd7d35d elementor-section-boxed elementor-section-height-default elementor-section-height-default\" data-id=\"1bd7d35d\" data-element_type=\"section\" data-settings=\"{&quot;background_background&quot;:&quot;classic&quot;}\">\n\t\t\t\t\t\t<div class=\"elementor-container elementor-column-gap-no\">\n\t\t\t\t\t<div class=\"elementor-column elementor-col-66 elementor-top-column elementor-element elementor-element-4c74e328\" data-id=\"4c74e328\" data-element_type=\"column\" data-settings=\"{&quot;background_background&quot;:&quot;classic&quot;}\">\n\t\t\t<div class=\"elementor-widget-wrap elementor-element-populated\">\n\t\t\t\t\t\t\t\t<div class=\"elementor-element elementor-element-6955fac7 elementor-widget elementor-widget-themo-mphb-checkout-form\" data-id=\"6955fac7\" data-element_type=\"widget\" data-widget_type=\"themo-mphb-checkout-form.default\">\n\t\t\t\t<div class=\"elementor-widget-container\">\n\t\t\t            <div class=\"th-fo-form th-form-stacked  th-btn-form btn-standard-primary-form\"><div class=\"mphb_sc_checkout-wrapper frm_forms with_frm_style\"><\/div><\/div>\n            \t\t<\/div>\n\t\t\t\t<\/div>\n\t\t\t\t\t<\/div>\n\t\t<\/div>\n\t\t\t\t<div class=\"elementor-column elementor-col-33 elementor-top-column elementor-element elementor-element-49ae297f\" data-id=\"49ae297f\" data-element_type=\"column\" data-settings=\"{&quot;background_background&quot;:&quot;classic&quot;}\">\n\t\t\t<div class=\"elementor-widget-wrap elementor-element-populated\">\n\t\t\t\t\t\t\t\t<section class=\"elementor-section elementor-inner-section elementor-element elementor-element-242a1e4b elementor-section-full_width elementor-section-height-default elementor-section-height-default\" data-id=\"242a1e4b\" data-element_type=\"section\" data-settings=\"{&quot;background_background&quot;:&quot;classic&quot;}\">\n\t\t\t\t\t\t<div class=\"elementor-container elementor-column-gap-no\">\n\t\t\t\t\t<div class=\"elementor-column elementor-col-100 elementor-inner-column elementor-element elementor-element-1ea4c70d\" data-id=\"1ea4c70d\" data-element_type=\"column\" data-settings=\"{&quot;background_background&quot;:&quot;classic&quot;}\">\n\t\t\t<div class=\"elementor-widget-wrap elementor-element-populated\">\n\t\t\t\t\t\t<!-- Themovaiton Sidebar Wrap before --><div class=\"sidebar th-widget-area th-sidebar-widget\">\t\t<div class=\"elementor-element elementor-element-4cc3d298 elementor-widget elementor-widget-sidebar\" data-id=\"4cc3d298\" data-element_type=\"widget\" data-widget_type=\"sidebar.default\">\n\t\t\t\t<div class=\"elementor-widget-container\">\n\t\t\t\n\t\t\t\t<section class=\"widget widget-th-contact-info\">\n\t\t\t<div class=\"widget-inner\">\n\t\t\t\t\t\t\t\t\t<h3 class=\"widget-title\">Pitanja o rezervaciji?<\/h3>\n\t\t\t\t\t\t\t\t<div class=\"th-contact-info-widget\">\n\t\t\t\t\t<div class='icon-blocks'><div class=\"icon-block\"><p><a  href='https:\/\/studios-chrissi.gr\/sr\/contact\/'><i class='fa fa-map-o'><\/i><span>Thasos, Skala Sotiros, 64010<\/span><\/a><\/p><\/div><div class=\"icon-block\"><p><a target='_blank' href='mailto:contact@ourdomain.com'><i class='fa fa-envelope-open-o'><\/i><span>info@studios-chrissi.gr<\/span><\/a><\/p><\/div><div class=\"icon-block\"><p><a target='_blank' href='tel:2593072049'><i class='fa fa-phone'><\/i><span>(+30) 25930 72049<\/span><\/a><\/p><\/div><div class=\"icon-block\"><p><a  href='tel:6982761927'><i class='fas fa-mobile-alt'><\/i><span>+30 698 2761927 (Biljana)<\/span><\/a><\/p><\/div><div class=\"icon-block\"><p><a target='_blank' href='tel:6977767386'><i class='fas fa-mobile-alt'><\/i><span>+30 697 7767386 (Giannis)<\/span><\/a><\/p><\/div><\/div>\t\t\t\t<\/div>\n\t\t\t<\/div>\n\t\t<\/section>\n\n\t\t<section class=\"widget_text widget custom_html-2 widget_custom_html\"><div class=\"widget_text widget-inner\"><h3 class=\"widget-title\">O Thasos<\/h3><div class=\"textwidget custom-html-widget\">Vidite, \u010dujte, pomiri\u0161ite, okusite, dodirnite Tasos.\n\nZlatne pla\u017ee, plave morske obale, \u017eivopisne uvale, kristalno plave vode, maslinjaci, senovite \u0161ume, litice, reke i mali vodopadi \u010dine paletu njegove prirode.<\/div><\/div><\/section><section class=\"widget search-3 widget_search\"><div class=\"widget-inner\"><h3 class=\"widget-title\">Pretraga<\/h3><form role=\"search\" method=\"get\" class=\"search-form form-inline\" action=\"https:\/\/studios-chrissi.gr\/sr\/\" data-trp-original-action=\"https:\/\/studios-chrissi.gr\/sr\/\">\n  <div class=\"input-group\">\n    <input type=\"search\" value=\"\" name=\"s\" class=\"search-field form-control\" placeholder=\"Search Studios Chrissi &#8211; Skala Sotiros &#8211; Thasos island\">\n    <label class=\"hide\">Search for:<\/label>\n    <span class=\"input-group-btn\">\n      <button type=\"submit\" class=\"search-submit btn btn-default\">Pretraga<\/button>\n    <\/span>\n  <\/div>\n<input type=\"hidden\" name=\"trp-form-language\" value=\"sr\"\/><\/form><\/div><\/section>\n                \t\t<section class=\"widget widget-social\">\n    \t\t<div class=\"widget-inner\">\n        \t\t        \t\t\t<div class=\"soc-widget\">\n        \t\t\t<a target=\"_blank\"  href='https:\/\/www.facebook.com\/biljana.husios\/'><i class='fa fa-facebook'><\/i><\/a><a target=\"_blank\"  href='https:\/\/www.instagram.com\/studioschrissi\/?hl=el'><i class='fa fa-instagram'><\/i><\/a>           \t\t\t<\/div>\n    \t\t\t<\/div>\n\t\t<\/section>\n\n\t\t\t\t<\/div>\n\t\t\t\t<\/div>\n\t\t<\/div><!-- Themovaiton Sidebar Wrap after -->\t\t\t<\/div>\n\t\t<\/div>\n\t\t\t\t\t\t\t<\/div>\n\t\t<\/section>\n\t\t\t\t\t<\/div>\n\t\t<\/div>\n\t\t\t\t\t\t\t<\/div>\n\t\t<\/section>\n\t\t\t\t\t\t\t<\/div>","protected":false},"excerpt":{"rendered":"<p>Booking Request<\/p>","protected":false},"author":1,"featured_media":0,"parent":0,"menu_order":0,"comment_status":"closed","ping_status":"closed","template":"","meta":{"footnotes":""},"class_list":["post-49","page","type-page","status-publish","hentry"],"_links":{"self":[{"href":"https:\/\/studios-chrissi.gr\/sr\/wp-json\/wp\/v2\/pages\/49","targetHints":{"allow":["GET"]}}],"collection":[{"href":"https:\/\/studios-chrissi.gr\/sr\/wp-json\/wp\/v2\/pages"}],"about":[{"href":"https:\/\/studios-chrissi.gr\/sr\/wp-json\/wp\/v2\/types\/page"}],"author":[{"embeddable":true,"href":"https:\/\/studios-chrissi.gr\/sr\/wp-json\/wp\/v2\/users\/1"}],"replies":[{"embeddable":true,"href":"https:\/\/studios-chrissi.gr\/sr\/wp-json\/wp\/v2\/comments?post=49"}],"version-history":[{"count":13,"href":"https:\/\/studios-chrissi.gr\/sr\/wp-json\/wp\/v2\/pages\/49\/revisions"}],"predecessor-version":[{"id":2747,"href":"https:\/\/studios-chrissi.gr\/sr\/wp-json\/wp\/v2\/pages\/49\/revisions\/2747"}],"wp:attachment":[{"href":"https:\/\/studios-chrissi.gr\/sr\/wp-json\/wp\/v2\/media?parent=49"}],"curies":[{"name":"wp","href":"https:\/\/api.w.org\/{rel}","templated":true}]}}