{"id":75,"date":"2017-05-31T05:00:25","date_gmt":"2017-05-31T02:00:25","guid":{"rendered":"https:\/\/import.themovation.com\/embark\/walking-tours\/?page_id=163"},"modified":"2021-05-02T03:36:22","modified_gmt":"2021-05-02T00:36:22","slug":"blog","status":"publish","type":"page","link":"https:\/\/studios-chrissi.gr\/sr\/blog\/","title":{"rendered":"Blog"},"content":{"rendered":"<div data-elementor-type=\"wp-post\" data-elementor-id=\"75\" class=\"elementor elementor-75\">\n\t\t\t\t\t\t\t\t\t<section class=\"elementor-section elementor-top-section elementor-element elementor-element-axm2p4l elementor-section-height-min-height elementor-section-boxed elementor-section-height-default elementor-section-items-middle\" data-id=\"axm2p4l\" data-element_type=\"section\" data-settings=\"{&quot;background_background&quot;:&quot;classic&quot;}\">\n\t\t\t\t\t\t\t<div class=\"elementor-background-overlay\"><\/div>\n\t\t\t\t\t\t\t<div class=\"elementor-container elementor-column-gap-default\">\n\t\t\t\t\t<div class=\"elementor-column elementor-col-100 elementor-top-column elementor-element elementor-element-eg989yn\" data-id=\"eg989yn\" data-element_type=\"column\">\n\t\t\t<div class=\"elementor-widget-wrap elementor-element-populated\">\n\t\t\t\t\t\t\t\t<div class=\"elementor-element elementor-element-dy8ht18 elementor-widget elementor-widget-spacer\" data-id=\"dy8ht18\" data-element_type=\"widget\" data-widget_type=\"spacer.default\">\n\t\t\t\t<div class=\"elementor-widget-container\">\n\t\t\t\t\t<div class=\"elementor-spacer\">\n\t\t\t<div class=\"elementor-spacer-inner\"><\/div>\n\t\t<\/div>\n\t\t\t\t<\/div>\n\t\t\t\t<\/div>\n\t\t\t\t<div class=\"elementor-element elementor-element-6e0rano elementor-view-default elementor-position-top elementor-widget elementor-widget-themo-header\" data-id=\"6e0rano\" data-element_type=\"widget\" data-widget_type=\"themo-header.default\">\n\t\t\t\t<div class=\"elementor-widget-container\">\n\t\t\t\t\t<div class=\"th-header-wrap\">\n        <div class=\"elementor-icon-box-wrapper\">\n                            <div class=\"elementor-icon-box-content\">\n                    <h3 class=\"elementor-icon-box-title\">\n                        NA\u0160 BLOG                    <\/h3>\n                                        <p class=\"elementor-icon-box-description\">Najnovije vesti iz studija Chrissi i Thasos!<\/p>\n\n                                    <\/div>\n            <\/div>\n\n        <\/div>\n\n\t\t\t\t<\/div>\n\t\t\t\t<\/div>\n\t\t\t\t\t<\/div>\n\t\t<\/div>\n\t\t\t\t\t\t\t<\/div>\n\t\t<\/section>\n\t\t\t\t<section class=\"elementor-section elementor-top-section elementor-element elementor-element-vkt1dv8 elementor-section-boxed elementor-section-height-default elementor-section-height-default\" data-id=\"vkt1dv8\" data-element_type=\"section\">\n\t\t\t\t\t\t<div class=\"elementor-container elementor-column-gap-default\">\n\t\t\t\t\t<div class=\"elementor-column elementor-col-100 elementor-top-column elementor-element elementor-element-xo5h9bj\" data-id=\"xo5h9bj\" data-element_type=\"column\">\n\t\t\t<div class=\"elementor-widget-wrap elementor-element-populated\">\n\t\t\t\t\t\t\t\t<div class=\"elementor-element elementor-element-h6bnfn5 elementor-widget elementor-widget-spacer\" data-id=\"h6bnfn5\" data-element_type=\"widget\" data-widget_type=\"spacer.default\">\n\t\t\t\t<div class=\"elementor-widget-container\">\n\t\t\t\t\t<div class=\"elementor-spacer\">\n\t\t\t<div class=\"elementor-spacer-inner\"><\/div>\n\t\t<\/div>\n\t\t\t\t<\/div>\n\t\t\t\t<\/div>\n\t\t\t\t<div class=\"elementor-element elementor-element-j81sio5 elementor-widget elementor-widget-themo-blog\" data-id=\"j81sio5\" data-element_type=\"widget\" data-widget_type=\"themo-blog.default\">\n\t\t\t\t<div class=\"elementor-widget-container\">\n\t\t\t\n                                <section class=\"th-masonry-blog th-blog-3-col\">\n\n                        <div class=\"mas-blog row\">\n                            <div class=\"mas-blog-post-sizer col-sm-6 col-md-4\"><\/div>\n                                                                                            <div class=\"mas-blog-post col-sm-6 col-md-4 post-2408 post type-post status-publish format-standard has-post-thumbnail hentry category-ferries category-thasos tag-ferries tag-thasos tag-timetable\">\n                                        \t\t<a href=\"https:\/\/studios-chrissi.gr\/sr\/2021\/03\/discover-skala-sotiros-2\/\">\n\t\t\t<img loading=\"lazy\" decoding=\"async\" width=\"394\" height=\"263\" src=\"https:\/\/studios-chrissi.gr\/wp-content\/uploads\/2021\/03\/ferries-394x263.jpg\" class=\"img-responsive wp-post-image\" alt=\"\" srcset=\"https:\/\/studios-chrissi.gr\/wp-content\/uploads\/2021\/03\/ferries-394x263.jpg 394w, https:\/\/studios-chrissi.gr\/wp-content\/uploads\/2021\/03\/ferries-300x200.jpg 300w, https:\/\/studios-chrissi.gr\/wp-content\/uploads\/2021\/03\/ferries-1024x683.jpg 1024w, https:\/\/studios-chrissi.gr\/wp-content\/uploads\/2021\/03\/ferries-768x512.jpg 768w, https:\/\/studios-chrissi.gr\/wp-content\/uploads\/2021\/03\/ferries-1536x1024.jpg 1536w, https:\/\/studios-chrissi.gr\/wp-content\/uploads\/2021\/03\/ferries-2048x1365.jpg 2048w, https:\/\/studios-chrissi.gr\/wp-content\/uploads\/2021\/03\/ferries-16x12.jpg 16w, https:\/\/studios-chrissi.gr\/wp-content\/uploads\/2021\/03\/ferries-90x60.jpg 90w, https:\/\/studios-chrissi.gr\/wp-content\/uploads\/2021\/03\/ferries-120x80.jpg 120w, https:\/\/studios-chrissi.gr\/wp-content\/uploads\/2021\/03\/ferries-915x610.jpg 915w, https:\/\/studios-chrissi.gr\/wp-content\/uploads\/2021\/03\/ferries-1240x827.jpg 1240w, https:\/\/studios-chrissi.gr\/wp-content\/uploads\/2021\/03\/ferries-1620x1080.jpg 1620w\" sizes=\"auto, (max-width: 394px) 100vw, 394px\" \/>    \t<\/a>\n    <div class=\"post-inner\">\n        <div class=\"post-meta\">\n    <a href=\"https:\/\/studios-chrissi.gr\/sr\/category\/ferries\/\" rel=\"category tag\">Ferries<\/a>&nbsp;<a href=\"https:\/\/studios-chrissi.gr\/sr\/category\/thasos\/\" rel=\"category tag\">Thasos<\/a><\/div>            <h3 class=\"post-title\"><a href=\"https:\/\/studios-chrissi.gr\/sr\/2021\/03\/discover-skala-sotiros-2\/\">Pogledajte vozni red trajekata<\/a><\/h3>\n        \t            \t<div class=\"entry-content post-excerpt\">\n\t\t\t\t\t<p>Thassos Ferries Timetable, Thasos Ferry Boat, Ships Ferries Timetable, Thassos (Limenas) &#8211; Keramoti, Kavala &#8211; Skala Prinos You can check the ferries timetable on url: http:\/\/dromologia-kavalas-thasou.blogspot.com\/ The voyage of the line Limenas Thassos &#8211; Keramoti lasts 35-45 minutes.The voyage of &hellip; <a href=\"https:\/\/studios-chrissi.gr\/sr\/2021\/03\/discover-skala-sotiros-2\/\">Read More<\/a><\/p>\n                <\/div>\n\t\t\t\t<div class=\"date-meta\">\n    <i class=\"xs-icon fa fa-calendar-o\"><\/i>\n    <!--div class=\"post-meta\"-->\n        <span class=\"themo-mas-date-meta show-author\"><a href=\"https:\/\/studios-chrissi.gr\/sr\/author\/thasschr\/\" title=\"\u0427\u043b\u0430\u043d\u0446\u0438 \u043e\u0434 thasschr\" rel=\"author\">thasschr<\/a><\/span>\n        <time class=\"themo-mas-date-meta published\" datetime=\"2021-03-30T20:16:34+03:00\">30 \u043c\u0430\u0440\u0442 2021<\/time>\n            <!--\/div-->\n    <span class=\"is-sticky\">Featured Post<\/span>\n<\/div><\/div>\n                                <\/div>\n\n                                                                                            <div class=\"mas-blog-post col-sm-6 col-md-4 post-37 post type-post status-publish format-standard has-post-thumbnail hentry category-thasos tag-thasos\">\n                                        \t\t<a href=\"https:\/\/studios-chrissi.gr\/sr\/2017\/04\/discover-skala-sotiros\/\">\n\t\t\t<img loading=\"lazy\" decoding=\"async\" width=\"394\" height=\"263\" src=\"https:\/\/studios-chrissi.gr\/wp-content\/uploads\/2021\/03\/sotiros4-394x263.jpg\" class=\"img-responsive wp-post-image\" alt=\"\" srcset=\"https:\/\/studios-chrissi.gr\/wp-content\/uploads\/2021\/03\/sotiros4-394x263.jpg 394w, https:\/\/studios-chrissi.gr\/wp-content\/uploads\/2021\/03\/sotiros4-300x200.jpg 300w, https:\/\/studios-chrissi.gr\/wp-content\/uploads\/2021\/03\/sotiros4-1024x683.jpg 1024w, https:\/\/studios-chrissi.gr\/wp-content\/uploads\/2021\/03\/sotiros4-768x512.jpg 768w, https:\/\/studios-chrissi.gr\/wp-content\/uploads\/2021\/03\/sotiros4-16x12.jpg 16w, https:\/\/studios-chrissi.gr\/wp-content\/uploads\/2021\/03\/sotiros4-90x60.jpg 90w, https:\/\/studios-chrissi.gr\/wp-content\/uploads\/2021\/03\/sotiros4-120x80.jpg 120w, https:\/\/studios-chrissi.gr\/wp-content\/uploads\/2021\/03\/sotiros4-915x610.jpg 915w, https:\/\/studios-chrissi.gr\/wp-content\/uploads\/2021\/03\/sotiros4-1240x827.jpg 1240w, https:\/\/studios-chrissi.gr\/wp-content\/uploads\/2021\/03\/sotiros4.jpg 1500w\" sizes=\"auto, (max-width: 394px) 100vw, 394px\" \/>    \t<\/a>\n    <div class=\"post-inner\">\n        <div class=\"post-meta\">\n    <a href=\"https:\/\/studios-chrissi.gr\/sr\/category\/thasos\/\" rel=\"category tag\">Thasos<\/a><\/div>            <h3 class=\"post-title\"><a href=\"https:\/\/studios-chrissi.gr\/sr\/2017\/04\/discover-skala-sotiros\/\">Otkrijte Skala Sotiros<\/a><\/h3>\n        \t            \t<div class=\"entry-content post-excerpt\">\n\t\t\t\t\t<p>Otkrijte Skala Sotiros Prostiruc\u0301i se du\u017e niza \u017eivopisnih i mirnih pla\u017ea, Skala Sotiros je prvobitno bio ribarski zaselak za stanovnike Sotirosa, pru\u017eajuc\u0301i lokaciju uz more za njihove ribarske \u010damce i ribarske barake. Tek nakon 1976. godine ... <a href=\"https:\/\/studios-chrissi.gr\/sr\/2017\/04\/discover-skala-sotiros\/\">Read More<\/a><\/p>\n                <\/div>\n\t\t\t\t<div class=\"date-meta\">\n    <i class=\"xs-icon fa fa-calendar-o\"><\/i>\n    <!--div class=\"post-meta\"-->\n        <span class=\"themo-mas-date-meta show-author\"><a href=\"https:\/\/studios-chrissi.gr\/sr\/author\/thasschr\/\" title=\"\u0427\u043b\u0430\u043d\u0446\u0438 \u043e\u0434 thasschr\" rel=\"author\">thasschr<\/a><\/span>\n        <time class=\"themo-mas-date-meta published\" datetime=\"2017-04-20T22:45:10+03:00\">20 \u0430\u043f\u0440\u0438\u043b 2017<\/time>\n            <!--\/div-->\n    <span class=\"is-sticky\">Featured Post<\/span>\n<\/div><\/div>\n                                <\/div>\n\n                                                    <\/div>\n                                            <\/section>\n\n                    \t\t<\/div>\n\t\t\t\t<\/div>\n\t\t\t\t<div class=\"elementor-element elementor-element-48r7spq elementor-widget elementor-widget-spacer\" data-id=\"48r7spq\" data-element_type=\"widget\" data-widget_type=\"spacer.default\">\n\t\t\t\t<div class=\"elementor-widget-container\">\n\t\t\t\t\t<div class=\"elementor-spacer\">\n\t\t\t<div class=\"elementor-spacer-inner\"><\/div>\n\t\t<\/div>\n\t\t\t\t<\/div>\n\t\t\t\t<\/div>\n\t\t\t\t\t<\/div>\n\t\t<\/div>\n\t\t\t\t\t\t\t<\/div>\n\t\t<\/section>\n\t\t\t\t\t\t\t<\/div>","protected":false},"excerpt":{"rendered":"<p>OUR BLOG The latest news from Studios Chrissi and Thasos! Ferries&nbsp;Thasos View ferries timetable Thassos Ferries Timetable, Thasos Ferry Boat, Ships Ferries Timetable, Thassos (Limenas) &#8211; Keramoti, Kavala &#8211; Skala Prinos \u00a0 You can check the ferries timetble on: http:\/\/dromologia-kavalas-thasou.blogspot.com\/ &hellip; <a href=\"https:\/\/studios-chrissi.gr\/sr\/2017\/04\/discover-skala-sotiros\/\">Read More<\/a><\/p>","protected":false},"author":1,"featured_media":0,"parent":0,"menu_order":14,"comment_status":"closed","ping_status":"closed","template":"","meta":{"footnotes":""},"class_list":["post-75","page","type-page","status-publish","hentry"],"_links":{"self":[{"href":"https:\/\/studios-chrissi.gr\/sr\/wp-json\/wp\/v2\/pages\/75","targetHints":{"allow":["GET"]}}],"collection":[{"href":"https:\/\/studios-chrissi.gr\/sr\/wp-json\/wp\/v2\/pages"}],"about":[{"href":"https:\/\/studios-chrissi.gr\/sr\/wp-json\/wp\/v2\/types\/page"}],"author":[{"embeddable":true,"href":"https:\/\/studios-chrissi.gr\/sr\/wp-json\/wp\/v2\/users\/1"}],"replies":[{"embeddable":true,"href":"https:\/\/studios-chrissi.gr\/sr\/wp-json\/wp\/v2\/comments?post=75"}],"version-history":[{"count":14,"href":"https:\/\/studios-chrissi.gr\/sr\/wp-json\/wp\/v2\/pages\/75\/revisions"}],"predecessor-version":[{"id":2699,"href":"https:\/\/studios-chrissi.gr\/sr\/wp-json\/wp\/v2\/pages\/75\/revisions\/2699"}],"wp:attachment":[{"href":"https:\/\/studios-chrissi.gr\/sr\/wp-json\/wp\/v2\/media?parent=75"}],"curies":[{"name":"wp","href":"https:\/\/api.w.org\/{rel}","templated":true}]}}